{"id":11,"date":"2026-03-25T21:04:37","date_gmt":"2026-03-26T00:04:37","guid":{"rendered":"https:\/\/carbeneficios.seg.br\/novo\/inicio\/"},"modified":"2026-03-25T21:16:16","modified_gmt":"2026-03-26T00:16:16","slug":"inicio","status":"publish","type":"page","link":"https:\/\/carbeneficios.seg.br\/novo\/","title":{"rendered":"In\u00edcio"},"content":{"rendered":"\n<div class=\"wp-block-cover alignfull is-style-fp-hero\" style=\"min-height:90vh;aspect-ratio:unset;\">\n    <span aria-hidden=\"true\" class=\"wp-block-cover__background has-black-background-color has-background-dim-70 has-background-dim\"><\/span>\n    <img decoding=\"async\" class=\"wp-block-cover__image-background\" alt=\"\" src=\"https:\/\/images.unsplash.com\/photo-1560520653-9e0e4c89eb11?w=1920\" data-object-fit=\"cover\"\/>\n    <div class=\"wp-block-cover__inner-container is-layout-flow wp-block-cover-is-layout-flow\">\n        \n        <div class=\"wp-block-group has-global-padding is-layout-constrained wp-container-core-group-is-layout-bea02a06 wp-block-group-is-layout-constrained\">\n            \n            <p class=\"has-text-align-left has-gold-color has-text-color has-accent-font-family has-small-font-size\" style=\"font-style:normal;font-weight:600;letter-spacing:0.1em;text-transform:uppercase\">Franquia Protegida<\/p>\n            \n\n            \n            <h1 class=\"wp-block-heading has-white-color has-text-color has-heading-font-family has-colossal-font-size\" style=\"line-height:1.1\">Proteja sua <span style=\"color:#D4AF37\">Franquia<\/span>, Proteja seu <span style=\"color:#D4AF37\">Bolso<\/span><\/h1>\n            \n\n            \n            <p class=\"has-white-color has-text-color has-large-font-size\" style=\"line-height:1.6\">Elimine o custo da franquia do seu seguro automotivo. Em caso de sinistro, voc\u00ea n\u00e3o paga nada!<\/p>\n            \n\n            \n            <div style=\"height:24px\" aria-hidden=\"true\" class=\"wp-block-spacer\"><\/div>\n            \n\n            \n            <div class=\"wp-block-buttons is-layout-flex wp-block-buttons-is-layout-flex\">\n                \n                <div class=\"wp-block-button has-custom-font-size is-style-fp-pulse has-accent-font-family has-medium-font-size\"><a class=\"wp-block-button__link has-black-color has-gold-background-color has-text-color has-background wp-element-button\" href=\"#beneficios\">Quero Proteger Minha Franquia<\/a><\/div>\n                \n\n                \n                <div class=\"wp-block-button has-custom-font-size is-style-outline has-accent-font-family has-medium-font-size is-style-outline--1\"><a class=\"wp-block-button__link has-white-color has-text-color wp-element-button\" href=\"#como-funciona\">Saiba Mais<\/a><\/div>\n                \n            <\/div>\n            \n        <\/div>\n        \n    <\/div>\n<\/div>\n\n\n\n<div class=\"wp-block-group alignfull has-black-soft-background-color has-background has-global-padding is-layout-constrained wp-block-group-is-layout-constrained\" style=\"padding-top:var(--wp--preset--spacing--60);padding-bottom:var(--wp--preset--spacing--60)\">\n    \n    <div class=\"wp-block-columns alignwide is-layout-flex wp-container-core-columns-is-layout-28f84493 wp-block-columns-is-layout-flex\">\n        \n        <div class=\"wp-block-column is-layout-flow wp-block-column-is-layout-flow\" style=\"padding-top:var(--wp--preset--spacing--30);padding-bottom:var(--wp--preset--spacing--30)\">\n            \n            <p class=\"has-text-align-center has-gold-color has-text-color has-heading-font-family has-gigantic-font-size\" style=\"font-style:normal;font-weight:700;line-height:1\">10.000+<\/p>\n            \n            \n            <p class=\"has-text-align-center has-white-color has-text-color has-accent-font-family has-small-font-size\" style=\"letter-spacing:0.1em;text-transform:uppercase\">Clientes Protegidos<\/p>\n            \n        <\/div>\n        \n\n        \n        <div class=\"wp-block-column is-layout-flow wp-block-column-is-layout-flow\" style=\"padding-top:var(--wp--preset--spacing--30);padding-bottom:var(--wp--preset--spacing--30)\">\n            \n            <p class=\"has-text-align-center has-gold-color has-text-color has-heading-font-family has-gigantic-font-size\" style=\"font-style:normal;font-weight:700;line-height:1\">50+<\/p>\n            \n            \n            <p class=\"has-text-align-center has-white-color has-text-color has-accent-font-family has-small-font-size\" style=\"letter-spacing:0.1em;text-transform:uppercase\">Franqueados Ativos<\/p>\n            \n        <\/div>\n        \n\n        \n        <div class=\"wp-block-column is-layout-flow wp-block-column-is-layout-flow\" style=\"padding-top:var(--wp--preset--spacing--30);padding-bottom:var(--wp--preset--spacing--30)\">\n            \n            <p class=\"has-text-align-center has-gold-color has-text-color has-heading-font-family has-gigantic-font-size\" style=\"font-style:normal;font-weight:700;line-height:1\">98%<\/p>\n            \n            \n            <p class=\"has-text-align-center has-white-color has-text-color has-accent-font-family has-small-font-size\" style=\"letter-spacing:0.1em;text-transform:uppercase\">Satisfa\u00e7\u00e3o<\/p>\n            \n        <\/div>\n        \n\n        \n        <div class=\"wp-block-column is-layout-flow wp-block-column-is-layout-flow\" style=\"padding-top:var(--wp--preset--spacing--30);padding-bottom:var(--wp--preset--spacing--30)\">\n            \n            <p class=\"has-text-align-center has-gold-color has-text-color has-heading-font-family has-gigantic-font-size\" style=\"font-style:normal;font-weight:700;line-height:1\">10+<\/p>\n            \n            \n            <p class=\"has-text-align-center has-white-color has-text-color has-accent-font-family has-small-font-size\" style=\"letter-spacing:0.1em;text-transform:uppercase\">Anos de Mercado<\/p>\n            \n        <\/div>\n        \n    <\/div>\n    \n<\/div>\n\n\n\n<div id=\"beneficios\" class=\"wp-block-group alignfull has-white-off-background-color has-background has-global-padding is-layout-constrained wp-block-group-is-layout-constrained\" style=\"padding-top:var(--wp--preset--spacing--70);padding-bottom:var(--wp--preset--spacing--70)\">\n    \n    <div class=\"wp-block-group has-global-padding is-layout-constrained wp-container-core-group-is-layout-41c06ba8 wp-block-group-is-layout-constrained\">\n        \n        <p class=\"has-text-align-center has-gold-color has-text-color has-accent-font-family has-small-font-size\" style=\"font-style:normal;font-weight:600;letter-spacing:0.1em;text-transform:uppercase\">Benef\u00edcios<\/p>\n        \n\n        \n        <h2 class=\"wp-block-heading has-text-align-center has-heading-font-family has-huge-font-size\">Por que escolher a Franquia Protegida?<\/h2>\n        \n\n        \n        <p class=\"has-text-align-center has-gray-color has-text-color has-large-font-size\">Prote\u00e7\u00e3o completa para voc\u00ea n\u00e3o pagar nada em caso de sinistro<\/p>\n        \n    <\/div>\n    \n\n    \n    <div style=\"height:48px\" aria-hidden=\"true\" class=\"wp-block-spacer\"><\/div>\n    \n\n    \n    <div class=\"wp-block-columns alignwide is-layout-flex wp-container-core-columns-is-layout-28f84493 wp-block-columns-is-layout-flex\">\n        \n        <div class=\"wp-block-column is-layout-flow wp-block-column-is-layout-flow\">\n            \n            <div class=\"wp-block-group has-white-background-color has-background is-layout-flow wp-block-group-is-layout-flow\" style=\"border-radius:16px;padding-top:var(--wp--preset--spacing--40);padding-right:var(--wp--preset--spacing--30);padding-bottom:var(--wp--preset--spacing--40);padding-left:var(--wp--preset--spacing--30)\">\n                \n                <p class=\"has-text-align-center has-gold-color has-text-color\" style=\"font-size:clamp(27.894px, 1.743rem + ((1vw - 3.2px) * 2.285), 48px);\">\ud83d\udee1\ufe0f<\/p>\n                \n\n                \n                <h4 class=\"wp-block-heading has-text-align-center has-x-large-font-size\">Prote\u00e7\u00e3o Total<\/h4>\n                \n\n                \n                <p class=\"has-text-align-center has-gray-color has-text-color\">Cobertura completa da franquia do seu seguro. Em caso de sinistro, voc\u00ea n\u00e3o tira nada do bolso.<\/p>\n                \n            <\/div>\n            \n        <\/div>\n        \n\n        \n        <div class=\"wp-block-column is-layout-flow wp-block-column-is-layout-flow\">\n            \n            <div class=\"wp-block-group has-white-background-color has-background is-layout-flow wp-block-group-is-layout-flow\" style=\"border-radius:16px;padding-top:var(--wp--preset--spacing--40);padding-right:var(--wp--preset--spacing--30);padding-bottom:var(--wp--preset--spacing--40);padding-left:var(--wp--preset--spacing--30)\">\n                \n                <p class=\"has-text-align-center has-gold-color has-text-color\" style=\"font-size:clamp(27.894px, 1.743rem + ((1vw - 3.2px) * 2.285), 48px);\">\ud83d\udcb0<\/p>\n                \n\n                \n                <h4 class=\"wp-block-heading has-text-align-center has-x-large-font-size\">Economia Real<\/h4>\n                \n\n                \n                <p class=\"has-text-align-center has-gray-color has-text-color\">Economize milhares de reais. A franquia m\u00e9dia de R$ 3.000 a R$ 8.000 fica por nossa conta.<\/p>\n                \n            <\/div>\n            \n        <\/div>\n        \n\n        \n        <div class=\"wp-block-column is-layout-flow wp-block-column-is-layout-flow\">\n            \n            <div class=\"wp-block-group has-white-background-color has-background is-layout-flow wp-block-group-is-layout-flow\" style=\"border-radius:16px;padding-top:var(--wp--preset--spacing--40);padding-right:var(--wp--preset--spacing--30);padding-bottom:var(--wp--preset--spacing--40);padding-left:var(--wp--preset--spacing--30)\">\n                \n                <p class=\"has-text-align-center has-gold-color has-text-color\" style=\"font-size:clamp(27.894px, 1.743rem + ((1vw - 3.2px) * 2.285), 48px);\">\u26a1<\/p>\n                \n\n                \n                <h4 class=\"wp-block-heading has-text-align-center has-x-large-font-size\">Processo R\u00e1pido<\/h4>\n                \n\n                \n                <p class=\"has-text-align-center has-gray-color has-text-color\">Acionamento simples e r\u00e1pido. Pagamento da franquia em at\u00e9 48 horas \u00fateis ap\u00f3s aprova\u00e7\u00e3o.<\/p>\n                \n            <\/div>\n            \n        <\/div>\n        \n    <\/div>\n    \n<\/div>\n\n\n\n<div id=\"como-funciona\" class=\"wp-block-group alignfull has-black-soft-background-color has-background has-global-padding is-layout-constrained wp-block-group-is-layout-constrained\" style=\"padding-top:var(--wp--preset--spacing--70);padding-bottom:var(--wp--preset--spacing--70)\">\n    \n    <div class=\"wp-block-group has-global-padding is-layout-constrained wp-container-core-group-is-layout-41c06ba8 wp-block-group-is-layout-constrained\">\n        \n        <p class=\"has-text-align-center has-gold-color has-text-color has-accent-font-family has-small-font-size\" style=\"font-style:normal;font-weight:600;letter-spacing:0.1em;text-transform:uppercase\">Simples e R\u00e1pido<\/p>\n        \n\n        \n        <h2 class=\"wp-block-heading has-text-align-center has-white-color has-text-color has-heading-font-family has-huge-font-size\">Como Funciona?<\/h2>\n        \n\n        \n        <p class=\"has-text-align-center has-gray-light-color has-text-color has-large-font-size\">Em apenas 3 passos voc\u00ea est\u00e1 protegido<\/p>\n        \n    <\/div>\n    \n\n    \n    <div style=\"height:48px\" aria-hidden=\"true\" class=\"wp-block-spacer\"><\/div>\n    \n\n    \n    <div class=\"wp-block-columns alignwide is-layout-flex wp-container-core-columns-is-layout-28f84493 wp-block-columns-is-layout-flex\">\n        \n        <div class=\"wp-block-column is-layout-flow wp-block-column-is-layout-flow\">\n            \n            <div class=\"wp-block-group has-global-padding is-layout-constrained wp-block-group-is-layout-constrained\" style=\"padding-top:var(--wp--preset--spacing--40);padding-bottom:var(--wp--preset--spacing--40)\">\n                \n                <p class=\"has-text-align-center has-gold-color has-text-color has-heading-font-family\" style=\"font-size:clamp(31.609px, 1.976rem + ((1vw - 3.2px) * 2.772), 56px);font-style:normal;font-weight:700;line-height:1\">01<\/p>\n                \n\n                \n                <h4 class=\"wp-block-heading has-text-align-center has-white-color has-text-color has-x-large-font-size\">Contrate<\/h4>\n                \n\n                \n                <p class=\"has-text-align-center has-gray-light-color has-text-color\">Escolha o plano ideal para voc\u00ea e contrate em minutos pelo nosso site ou WhatsApp.<\/p>\n                \n            <\/div>\n            \n        <\/div>\n        \n\n        \n        <div class=\"wp-block-column is-layout-flow wp-block-column-is-layout-flow\">\n            \n            <div class=\"wp-block-group has-global-padding is-layout-constrained wp-block-group-is-layout-constrained\" style=\"padding-top:var(--wp--preset--spacing--40);padding-bottom:var(--wp--preset--spacing--40)\">\n                \n                <p class=\"has-text-align-center has-gold-color has-text-color has-heading-font-family\" style=\"font-size:clamp(31.609px, 1.976rem + ((1vw - 3.2px) * 2.772), 56px);font-style:normal;font-weight:700;line-height:1\">02<\/p>\n                \n\n                \n                <h4 class=\"wp-block-heading has-text-align-center has-white-color has-text-color has-x-large-font-size\">Acione<\/h4>\n                \n\n                \n                <p class=\"has-text-align-center has-gray-light-color has-text-color\">Teve um sinistro? Entre em contato conosco e envie a documenta\u00e7\u00e3o necess\u00e1ria.<\/p>\n                \n            <\/div>\n            \n        <\/div>\n        \n\n        \n        <div class=\"wp-block-column is-layout-flow wp-block-column-is-layout-flow\">\n            \n            <div class=\"wp-block-group has-global-padding is-layout-constrained wp-block-group-is-layout-constrained\" style=\"padding-top:var(--wp--preset--spacing--40);padding-bottom:var(--wp--preset--spacing--40)\">\n                \n                <p class=\"has-text-align-center has-gold-color has-text-color has-heading-font-family\" style=\"font-size:clamp(31.609px, 1.976rem + ((1vw - 3.2px) * 2.772), 56px);font-style:normal;font-weight:700;line-height:1\">03<\/p>\n                \n\n                \n                <h4 class=\"wp-block-heading has-text-align-center has-white-color has-text-color has-x-large-font-size\">Receba<\/h4>\n                \n\n                \n                <p class=\"has-text-align-center has-gray-light-color has-text-color\">Ap\u00f3s aprova\u00e7\u00e3o, n\u00f3s pagamos a franquia em at\u00e9 48h. Voc\u00ea n\u00e3o paga nada!<\/p>\n                \n            <\/div>\n            \n        <\/div>\n        \n    <\/div>\n    \n<\/div>\n\n\n\n<div class=\"wp-block-group alignfull has-white-background-color has-background has-global-padding is-layout-constrained wp-block-group-is-layout-constrained\" style=\"padding-top:var(--wp--preset--spacing--70);padding-bottom:var(--wp--preset--spacing--70)\">\n    \n    <div class=\"wp-block-group has-global-padding is-layout-constrained wp-container-core-group-is-layout-41c06ba8 wp-block-group-is-layout-constrained\">\n        \n        <p class=\"has-text-align-center has-gold-color has-text-color has-accent-font-family has-small-font-size\" style=\"font-style:normal;font-weight:600;letter-spacing:0.1em;text-transform:uppercase\">Depoimentos<\/p>\n        \n\n        \n        <h2 class=\"wp-block-heading has-text-align-center has-heading-font-family has-huge-font-size\">O que nossos clientes dizem<\/h2>\n        \n    <\/div>\n    \n\n    \n    <div style=\"height:48px\" aria-hidden=\"true\" class=\"wp-block-spacer\"><\/div>\n    \n\n    \n    <div class=\"wp-block-columns alignwide is-layout-flex wp-container-core-columns-is-layout-28f84493 wp-block-columns-is-layout-flex\">\n        \n        <div class=\"wp-block-column is-layout-flow wp-block-column-is-layout-flow\">\n            \n            <div class=\"wp-block-group has-white-off-background-color has-background is-layout-flow wp-block-group-is-layout-flow\" style=\"border-radius:16px;padding-top:var(--wp--preset--spacing--40);padding-right:var(--wp--preset--spacing--40);padding-bottom:var(--wp--preset--spacing--40);padding-left:var(--wp--preset--spacing--40)\">\n                \n                <p class=\"has-gold-color has-text-color\" style=\"font-size:clamp(27.894px, 1.743rem + ((1vw - 3.2px) * 2.285), 48px);line-height:1\">&#8220;<\/p>\n                \n\n                \n                <p class=\"has-large-font-size\" style=\"font-style:italic\">Tive um sinistro e a Franquia Protegida cobriu os R$ 4.500 da minha franquia. N\u00e3o precisei tirar nada do bolso! Servi\u00e7o excelente.<\/p>\n                \n\n                \n                <hr class=\"wp-block-separator has-alpha-channel-opacity is-style-fp-gold-line\"\/>\n                \n\n                \n                <p class=\"has-accent-font-family\"><strong>Carlos Silva<\/strong><br><span style=\"color:#666\">Empres\u00e1rio &#8211; S\u00e3o Paulo, SP<\/span><\/p>\n                \n            <\/div>\n            \n        <\/div>\n        \n\n        \n        <div class=\"wp-block-column is-layout-flow wp-block-column-is-layout-flow\">\n            \n            <div class=\"wp-block-group has-white-off-background-color has-background is-layout-flow wp-block-group-is-layout-flow\" style=\"border-radius:16px;padding-top:var(--wp--preset--spacing--40);padding-right:var(--wp--preset--spacing--40);padding-bottom:var(--wp--preset--spacing--40);padding-left:var(--wp--preset--spacing--40)\">\n                \n                <p class=\"has-gold-color has-text-color\" style=\"font-size:clamp(27.894px, 1.743rem + ((1vw - 3.2px) * 2.285), 48px);line-height:1\">&#8220;<\/p>\n                \n\n                \n                <p class=\"has-large-font-size\" style=\"font-style:italic\">Melhor investimento que fiz! Pago menos de R$ 40 por m\u00eas e quando precisei, em menos de 2 dias j\u00e1 estava tudo resolvido.<\/p>\n                \n\n                \n                <hr class=\"wp-block-separator has-alpha-channel-opacity is-style-fp-gold-line\"\/>\n                \n\n                \n                <p class=\"has-accent-font-family\"><strong>Maria Santos<\/strong><br><span style=\"color:#666\">Advogada &#8211; Rio de Janeiro, RJ<\/span><\/p>\n                \n            <\/div>\n            \n        <\/div>\n        \n\n        \n        <div class=\"wp-block-column is-layout-flow wp-block-column-is-layout-flow\">\n            \n            <div class=\"wp-block-group has-white-off-background-color has-background is-layout-flow wp-block-group-is-layout-flow\" style=\"border-radius:16px;padding-top:var(--wp--preset--spacing--40);padding-right:var(--wp--preset--spacing--40);padding-bottom:var(--wp--preset--spacing--40);padding-left:var(--wp--preset--spacing--40)\">\n                \n                <p class=\"has-gold-color has-text-color\" style=\"font-size:clamp(27.894px, 1.743rem + ((1vw - 3.2px) * 2.285), 48px);line-height:1\">&#8220;<\/p>\n                \n\n                \n                <p class=\"has-large-font-size\" style=\"font-style:italic\">J\u00e1 usei o servi\u00e7o duas vezes e nas duas fui muito bem atendido. O pessoal \u00e9 muito profissional. Vale cada centavo!<\/p>\n                \n\n                \n                <hr class=\"wp-block-separator has-alpha-channel-opacity is-style-fp-gold-line\"\/>\n                \n\n                \n                <p class=\"has-accent-font-family\"><strong>Roberto Oliveira<\/strong><br><span style=\"color:#666\">Engenheiro &#8211; Belo Horizonte, MG<\/span><\/p>\n                \n            <\/div>\n            \n        <\/div>\n        \n    <\/div>\n    \n<\/div>\n\n\n\n<div class=\"wp-block-cover alignfull\" style=\"min-height:400px;aspect-ratio:unset;\">\n    <span aria-hidden=\"true\" class=\"wp-block-cover__background has-black-background-color has-background-dim-100 has-background-dim\"><\/span>\n    <div class=\"wp-block-cover__inner-container is-layout-flow wp-block-cover-is-layout-flow\">\n        \n        <div class=\"wp-block-group has-global-padding is-layout-constrained wp-container-core-group-is-layout-92ef7b19 wp-block-group-is-layout-constrained\">\n            \n            <h2 class=\"wp-block-heading has-text-align-center has-white-color has-text-color has-heading-font-family has-huge-font-size\" style=\"line-height:1.2\">Pronto para proteger sua <span style=\"color:#D4AF37\">franquia<\/span>?<\/h2>\n            \n\n            \n            <p class=\"has-text-align-center has-gray-light-color has-text-color has-large-font-size\">Fale agora com um consultor e descubra como economizar milhares de reais<\/p>\n            \n\n            \n            <div class=\"wp-block-buttons is-content-justification-center is-layout-flex wp-container-core-buttons-is-layout-a89b3969 wp-block-buttons-is-layout-flex\">\n                \n                <div class=\"wp-block-button has-custom-font-size is-style-fp-pulse has-accent-font-family has-large-font-size\"><a class=\"wp-block-button__link has-black-color has-gold-background-color has-text-color has-background wp-element-button\">Falar com Consultor<\/a><\/div>\n                \n            <\/div>\n            \n        <\/div>\n        \n    <\/div>\n<\/div>\n","protected":false},"excerpt":{"rendered":"<p>10.000+ Clientes Protegidos 50+ Franqueados Ativos 98% Satisfa\u00e7\u00e3o 10+ Anos de Mercado Benef\u00edcios Por que escolher a Franquia Protegida? Prote\u00e7\u00e3o completa para voc\u00ea n\u00e3o pagar&#8230;<\/p>\n","protected":false},"author":1,"featured_media":0,"parent":0,"menu_order":0,"comment_status":"closed","ping_status":"closed","template":"","meta":{"footnotes":""},"class_list":["post-11","page","type-page","status-publish","hentry"],"_links":{"self":[{"href":"https:\/\/carbeneficios.seg.br\/novo\/wp-json\/wp\/v2\/pages\/11","targetHints":{"allow":["GET"]}}],"collection":[{"href":"https:\/\/carbeneficios.seg.br\/novo\/wp-json\/wp\/v2\/pages"}],"about":[{"href":"https:\/\/carbeneficios.seg.br\/novo\/wp-json\/wp\/v2\/types\/page"}],"author":[{"embeddable":true,"href":"https:\/\/carbeneficios.seg.br\/novo\/wp-json\/wp\/v2\/users\/1"}],"replies":[{"embeddable":true,"href":"https:\/\/carbeneficios.seg.br\/novo\/wp-json\/wp\/v2\/comments?post=11"}],"version-history":[{"count":2,"href":"https:\/\/carbeneficios.seg.br\/novo\/wp-json\/wp\/v2\/pages\/11\/revisions"}],"predecessor-version":[{"id":46,"href":"https:\/\/carbeneficios.seg.br\/novo\/wp-json\/wp\/v2\/pages\/11\/revisions\/46"}],"wp:attachment":[{"href":"https:\/\/carbeneficios.seg.br\/novo\/wp-json\/wp\/v2\/media?parent=11"}],"curies":[{"name":"wp","href":"https:\/\/api.w.org\/{rel}","templated":true}]}}